{"id":114,"date":"2020-11-30T20:17:41","date_gmt":"2020-11-30T19:17:41","guid":{"rendered":"http:\/\/lanarvily.bzh\/?page_id=114"},"modified":"2025-08-22T16:13:38","modified_gmt":"2025-08-22T14:13:38","slug":"bulletins-municipaux","status":"publish","type":"page","link":"https:\/\/lanarvily.bzh\/?page_id=114","title":{"rendered":"Bulletins municipaux"},"content":{"rendered":"\n<hr class=\"wp-block-separator\"\/>\n\n\n\n<div class=\"wp-block-buttons\">\n<div class=\"wp-block-button is-style-fill\"><a class=\"wp-block-button__link has-black-color has-text-color has-background\" href=\"http:\/\/lanarvily.bzh\/wp-content\/uploads\/2023\/09\/Bulletin-municipal-du-vendredi-02-juin-2023.pdf\" style=\"border-radius:13px;background-color:#f8f649\">T\u00e9l\u00e9charger le bulletin municipale du 02 juin 2023<\/a><\/div>\n\n\n\n<div class=\"wp-block-button is-style-fill\"><a class=\"wp-block-button__link has-black-color has-text-color has-background\" href=\"http:\/\/lanarvily.bzh\/wp-content\/uploads\/2023\/09\/Bulletin-municipal-du-vendredi-16-juin-2023.pdf\" style=\"border-radius:13px;background-color:#f8f649\">T\u00e9l\u00e9charger le bulletin municipale du 16 juin 2023<\/a><\/div>\n\n\n\n<div class=\"wp-block-button is-style-fill\"><a class=\"wp-block-button__link has-black-color has-text-color has-background\" href=\"http:\/\/lanarvily.bzh\/wp-content\/uploads\/2023\/07\/bulletin-municipal-du-vendredi-28-juillet-2023.pdf\" style=\"border-radius:13px;background-color:#f8f649\" target=\"_blank\" rel=\"noreferrer noopener\">T\u00e9l\u00e9charger le bulletin municipale du 28 juillet 2023<\/a><\/div>\n\n\n\n<div class=\"wp-block-button is-style-fill\"><a class=\"wp-block-button__link has-black-color has-text-color has-background\" href=\"http:\/\/lanarvily.bzh\/wp-content\/uploads\/2023\/08\/Bulletin-municipal-du-vendredi-25-aout-2023.pdf\" style=\"border-radius:13px;background-color:#f8f649\">T\u00e9l\u00e9charger le bulletin municipale du 25 ao\u00fbt 2023<\/a><\/div>\n\n\n\n<div class=\"wp-block-button is-style-fill\"><a class=\"wp-block-button__link has-black-color has-text-color has-background\" href=\"http:\/\/lanarvily.bzh\/wp-content\/uploads\/2023\/09\/Bulletin-municipal-du-vendredi-08-septembre-2023.pdf\" style=\"border-radius:13px;background-color:#f8f649\">T\u00e9l\u00e9charger le bulletin municipal du 08 septembre 2023<\/a><\/div>\n\n\n\n<div class=\"wp-block-button is-style-fill\"><a class=\"wp-block-button__link has-black-color has-text-color has-background\" href=\"http:\/\/lanarvily.bzh\/wp-content\/uploads\/2023\/09\/Bulletin-municipal-du-vendredi-22-septembre-2023-1.pdf\" style=\"border-radius:13px;background-color:#f8f649\">T\u00e9l\u00e9charger le bulletin municipal du 22 septembre 2023<\/a><\/div>\n\n\n\n<div class=\"wp-block-button is-style-fill\"><a class=\"wp-block-button__link has-black-color has-text-color has-background\" href=\"http:\/\/lanarvily.bzh\/wp-content\/uploads\/2023\/10\/Bulletin-municipal-du-vendredi-06-octobre-2023.pdf\" style=\"border-radius:13px;background-color:#f8f649\">T\u00e9l\u00e9charger le bulletin municipal du 06 octobre 2023<\/a><\/div>\n\n\n\n<div class=\"wp-block-button is-style-fill\"><a class=\"wp-block-button__link has-black-color has-text-color has-background\" href=\"http:\/\/lanarvily.bzh\/wp-content\/uploads\/2023\/10\/Bulletin-municipal-du-vendredi-20-octobre-2023.pdf\" style=\"border-radius:13px;background-color:#f8f649\">T\u00e9l\u00e9charger le bulletin municipal du 20 octobre 2023<\/a><\/div>\n\n\n\n<div class=\"wp-block-button is-style-fill\"><a class=\"wp-block-button__link has-black-color has-text-color has-background\" href=\"http:\/\/lanarvily.bzh\/wp-content\/uploads\/2023\/11\/Bulletin-municipal-du-vendredi-17-novembre-2023.pdf\" style=\"border-radius:13px;background-color:#f8f649\">T\u00e9l\u00e9charger le bulletin municipal du 03 novembre 2023<\/a><\/div>\n\n\n\n<div class=\"wp-block-button is-style-fill\"><a class=\"wp-block-button__link has-black-color has-text-color has-background\" href=\"http:\/\/lanarvily.bzh\/wp-content\/uploads\/2023\/11\/Bulletin-municipal-du-vendredi-17-novembre-2023.pdf\" style=\"border-radius:13px;background-color:#f8f649\">T\u00e9l\u00e9charger le bulletin municipal du 17 novembre 2023<\/a><\/div>\n\n\n\n<div class=\"wp-block-button is-style-fill\"><a class=\"wp-block-button__link has-black-color has-text-color has-background\" href=\"http:\/\/lanarvily.bzh\/wp-content\/uploads\/2023\/12\/Bulletin-municipal-du-vendredi-15-decembre-2023-1.pdf\" style=\"border-radius:13px;background-color:#f8f649\">T\u00e9l\u00e9charger le bulletin municipal du 15 d\u00e9cembre 2023<\/a><\/div>\n\n\n\n<div class=\"wp-block-button is-style-fill\"><a class=\"wp-block-button__link has-black-color has-text-color has-background\" href=\"http:\/\/lanarvily.bzh\/wp-content\/uploads\/2023\/12\/Bulletin-municipal-du-vendredi-29-decembre-2023.pdf\" style=\"border-radius:13px;background-color:#f8f649\">T\u00e9l\u00e9charger le bulletin municipal du 29 d\u00e9cembre 2023<\/a><\/div>\n\n\n\n<div class=\"wp-block-button is-style-fill\"><a class=\"wp-block-button__link has-black-color has-text-color has-background\" href=\"http:\/\/lanarvily.bzh\/wp-content\/uploads\/2024\/01\/Bulletin-municipal-du-vendredi-26-janvier-2024-2Enregistre-automatiquement.pdf\" style=\"border-radius:13px;background-color:#f8f649\">T\u00e9l\u00e9charger le bulletin municipal du 26 janvier 2024<\/a><\/div>\n\n\n\n<div class=\"wp-block-button is-style-fill\"><a class=\"wp-block-button__link has-black-color has-text-color has-background\" href=\"http:\/\/lanarvily.bzh\/wp-content\/uploads\/2024\/02\/Bulletin-municipal-du-vendredi-09-fevrier-2024.pdf\" style=\"border-radius:13px;background-color:#f8f649\">T\u00e9l\u00e9charger le bulletin municipal du 09 f\u00e9vrier 2024<\/a><\/div>\n\n\n\n<div class=\"wp-block-button is-style-fill\"><a class=\"wp-block-button__link has-black-color has-text-color has-background\" href=\"http:\/\/lanarvily.bzh\/wp-content\/uploads\/2024\/03\/Bulletin-municipal-du-vendredi-08-mars-2024.pdf\" style=\"border-radius:13px;background-color:#f8f649\">T\u00e9l\u00e9charger le bulletin municipal du 08 mars 2024<\/a><\/div>\n\n\n\n<div class=\"wp-block-button is-style-fill\"><a class=\"wp-block-button__link has-black-color has-text-color has-background\" href=\"http:\/\/lanarvily.bzh\/wp-content\/uploads\/2024\/03\/Bulletin-municipal-du-vendredi-22-mars-2024.pdf\" style=\"border-radius:13px;background-color:#f8f649\">T\u00e9l\u00e9charger le bulletin municipal du 22 mars 2024<\/a><\/div>\n\n\n\n<div class=\"wp-block-button is-style-fill\"><a class=\"wp-block-button__link has-black-color has-text-color has-background\" href=\"http:\/\/lanarvily.bzh\/wp-content\/uploads\/2024\/04\/Bulletin-municipal-du-vendredi-05-avril-2024.pdf\" style=\"border-radius:13px;background-color:#f8f649\">T\u00e9l\u00e9charger le bulletin municipal du 05 avril 2024<\/a><\/div>\n\n\n\n<div class=\"wp-block-button is-style-fill\"><a class=\"wp-block-button__link has-black-color has-text-color has-background\" href=\"http:\/\/lanarvily.bzh\/wp-content\/uploads\/2024\/04\/Bulletin-municipal-du-vendredi-19-avril-2024.pdf\" style=\"border-radius:13px;background-color:#f8f649\">T\u00e9l\u00e9charger le bulletin municipal du 19 avril 2024<\/a><\/div>\n\n\n\n<div class=\"wp-block-button is-style-fill\"><a class=\"wp-block-button__link has-black-color has-text-color has-background\" href=\"http:\/\/lanarvily.bzh\/wp-content\/uploads\/2024\/05\/Bulletin-municipal-du-vendredi-03-mai-2024.pdf\" style=\"border-radius:13px;background-color:#f8f649\">T\u00e9l\u00e9charger le bulletin municipal du 03 mai 2024<\/a><\/div>\n\n\n\n<div class=\"wp-block-button is-style-fill\"><a class=\"wp-block-button__link has-black-color has-text-color has-background\" href=\"http:\/\/lanarvily.bzh\/wp-content\/uploads\/2024\/05\/Bulletin-municipal-du-vendredi-17-mai-2024.pdf\" style=\"border-radius:13px;background-color:#f8f649\">T\u00e9l\u00e9charger le bulletin municipal du 17 mai 2024<\/a><\/div>\n\n\n\n<div class=\"wp-block-button is-style-fill\"><a class=\"wp-block-button__link has-black-color has-text-color has-background\" href=\"http:\/\/lanarvily.bzh\/wp-content\/uploads\/2024\/05\/Bulletin-municipal-du-vendredi-31-mai-2024.pdf\" style=\"border-radius:13px;background-color:#f8f649\">T\u00e9l\u00e9charger le bulletin municipal du 31 mai 2024<\/a><\/div>\n\n\n\n<div class=\"wp-block-button is-style-fill\"><a class=\"wp-block-button__link has-black-color has-text-color has-background\" href=\"http:\/\/lanarvily.bzh\/wp-content\/uploads\/2024\/06\/Bulletin-municipal-du-vendredi-14-juin-2024.pdf\" style=\"border-radius:13px;background-color:#f8f649\">T\u00e9l\u00e9charger le bulletin municipal du 14 juin 2024<\/a><\/div>\n\n\n\n<div class=\"wp-block-button is-style-fill\"><a class=\"wp-block-button__link has-black-color has-text-color has-background\" href=\"http:\/\/lanarvily.bzh\/wp-content\/uploads\/2024\/07\/Bulletin-municipal-du-vendredi-28-juin-2024.pdf\" style=\"border-radius:13px;background-color:#f8f649\">T\u00e9l\u00e9charger le bulletin municipal du 28 juin 2024<\/a><\/div>\n\n\n\n<div class=\"wp-block-button is-style-fill\"><a class=\"wp-block-button__link has-black-color has-text-color has-background\" href=\"http:\/\/lanarvily.bzh\/wp-content\/uploads\/2024\/07\/Bulletin-municipal-du-vendredi-12-juillet-2024.pdf\" style=\"border-radius:13px;background-color:#f8f649\">T\u00e9l\u00e9charger le bulletin municipal du 12 juillet 2024<\/a><\/div>\n\n\n\n<div class=\"wp-block-button is-style-fill\"><a class=\"wp-block-button__link has-black-color has-text-color has-background\" href=\"http:\/\/lanarvily.bzh\/wp-content\/uploads\/2024\/07\/Bulletin-municipal-du-vendredi-26-juillet-2024.pdf\" style=\"border-radius:13px;background-color:#f8f649\">T\u00e9l\u00e9charger le bulletin municipal du 26 juillet 2024<\/a><\/div>\n\n\n\n<div class=\"wp-block-button is-style-fill\"><a class=\"wp-block-button__link has-black-color has-text-color has-background\" href=\"http:\/\/lanarvily.bzh\/wp-content\/uploads\/2024\/08\/Bulletin-municipal-du-vendredi-09-aout-2024.pdf\" style=\"border-radius:13px;background-color:#f8f649\">T\u00e9l\u00e9charger le bulletin municipal du 09 ao\u00fbt 2024<\/a><\/div>\n\n\n\n<div class=\"wp-block-button is-style-fill\"><a class=\"wp-block-button__link has-black-color has-text-color has-background\" href=\"http:\/\/lanarvily.bzh\/wp-content\/uploads\/2024\/09\/Bulletin-municipal-du-vendredi-23-aout-2024.pdf\" style=\"border-radius:13px;background-color:#f8f649\">T\u00e9l\u00e9charger le bulletin municipal du 23 ao\u00fbt 2024<\/a><\/div>\n\n\n\n<div class=\"wp-block-button is-style-fill\"><a class=\"wp-block-button__link has-black-color has-text-color has-background\" href=\"http:\/\/lanarvily.bzh\/wp-content\/uploads\/2024\/09\/Bulletin-municipal-du-vendredi-06septembre-2024.pdf\" style=\"border-radius:13px;background-color:#f8f649\">T\u00e9l\u00e9charger le bulletin municipal du 06 septembre 2024<\/a><\/div>\n\n\n\n<div class=\"wp-block-button is-style-fill\"><a class=\"wp-block-button__link has-black-color has-text-color has-background\" href=\"http:\/\/lanarvily.bzh\/wp-content\/uploads\/2024\/09\/Bulletin-municipal-du-vendredi-20-septembre-2024.pdf\" style=\"border-radius:13px;background-color:#f8f649\">T\u00e9l\u00e9charger le bulletin municipal du 20 septembre 2024<\/a><\/div>\n\n\n\n<div class=\"wp-block-button is-style-fill\"><a class=\"wp-block-button__link has-black-color has-text-color has-background\" href=\"http:\/\/lanarvily.bzh\/wp-content\/uploads\/2024\/10\/Bulletin-municipal-du-vendredi-04-octobre-2024.pdf\" style=\"border-radius:13px;background-color:#f8f649\">T\u00e9l\u00e9charger le bulletin municipal du 04 octobre 2024<\/a><\/div>\n\n\n\n<div class=\"wp-block-button is-style-fill\"><a class=\"wp-block-button__link has-black-color has-text-color has-background\" href=\"http:\/\/lanarvily.bzh\/wp-content\/uploads\/2024\/10\/Bulletin-municipal-du-vendredi-18-octobre-2024.pdf\" style=\"border-radius:13px;background-color:#f8f649\">T\u00e9l\u00e9charger le bulletin municipal du 18 octobre 2024<\/a><\/div>\n\n\n\n<div class=\"wp-block-button is-style-fill\"><a class=\"wp-block-button__link has-black-color has-text-color has-background\" href=\"http:\/\/lanarvily.bzh\/wp-content\/uploads\/2024\/11\/Bulletin-municipal-du-vendredi-1er-novembre-2024.pdf\" style=\"border-radius:13px;background-color:#f8f649\">T\u00e9l\u00e9charger le bulletin municipal du 1er novembre2024<\/a><\/div>\n\n\n\n<div class=\"wp-block-button is-style-fill\"><a class=\"wp-block-button__link has-black-color has-text-color has-background\" href=\"http:\/\/lanarvily.bzh\/wp-content\/uploads\/2024\/11\/Bulletin-municipal-du-vendredi-15-novembre-2024.pdf\" style=\"border-radius:13px;background-color:#f8f649\">T\u00e9l\u00e9charger le bulletin municipal du 15 novembre2024<\/a><\/div>\n\n\n\n<div class=\"wp-block-button is-style-fill\"><a class=\"wp-block-button__link has-black-color has-text-color has-background\" href=\"http:\/\/lanarvily.bzh\/wp-content\/uploads\/2024\/11\/Bulletin-municipal-du-vendredi-29-novembre-2024.pdf\" style=\"border-radius:13px;background-color:#f8f649\">T\u00e9l\u00e9charger le bulletin municipal du 29 novembre2024<\/a><\/div>\n\n\n\n<div class=\"wp-block-button is-style-fill\"><a class=\"wp-block-button__link has-black-color has-text-color has-background\" href=\"http:\/\/lanarvily.bzh\/wp-content\/uploads\/2024\/12\/Bulletin-municipal-du-vendredi-13-decembre-2024.pdf\" style=\"border-radius:13px;background-color:#f8f649\">T\u00e9l\u00e9charger le bulletin municipal du 13 d\u00e9cembre 2024<\/a><\/div>\n\n\n\n<div class=\"wp-block-button is-style-fill\"><a class=\"wp-block-button__link has-black-color has-text-color has-background\" href=\"http:\/\/lanarvily.bzh\/wp-content\/uploads\/2025\/01\/Bulletin-municipal-du-vendredi-27-decembre-2024.pdf\" style=\"border-radius:13px;background-color:#f8f649\">T\u00e9l\u00e9charger le bulletin municipal du 27 d\u00e9cembre 2024<\/a><\/div>\n\n\n\n<div class=\"wp-block-button is-style-fill\"><a class=\"wp-block-button__link has-black-color has-text-color has-background\" href=\"http:\/\/lanarvily.bzh\/wp-content\/uploads\/2025\/01\/Bulletin-municipal-du-vendredi10-janvier-2025.pdf\" style=\"border-radius:13px;background-color:#f8f649\">T\u00e9l\u00e9charger le bulletin municipal du 10 janvier 2025<\/a><\/div>\n\n\n\n<div class=\"wp-block-button is-style-fill\"><a class=\"wp-block-button__link has-black-color has-text-color has-background\" href=\"http:\/\/lanarvily.bzh\/wp-content\/uploads\/2025\/02\/Bulletin-municipal-du-vendredi-24-janvier-2025.pdf\" style=\"border-radius:13px;background-color:#f8f649\">T\u00e9l\u00e9charger le bulletin municipal du 24 janvier 2025<\/a><\/div>\n\n\n\n<div class=\"wp-block-button is-style-fill\"><a class=\"wp-block-button__link has-black-color has-text-color has-background\" href=\"http:\/\/lanarvily.bzh\/wp-content\/uploads\/2025\/02\/Bulletin-municipal-du-vendredi-07-fevrier-2025.pdf\" style=\"border-radius:13px;background-color:#f8f649\">T\u00e9l\u00e9charger le bulletin municipal du 07 f\u00e9vrier 2025<\/a><\/div>\n\n\n\n<div class=\"wp-block-button is-style-fill\"><a class=\"wp-block-button__link has-black-color has-text-color has-background\" href=\"http:\/\/lanarvily.bzh\/wp-content\/uploads\/2025\/02\/Bulletin-municipal-du-vendredi-21-fevrier-2025.pdf\" style=\"border-radius:13px;background-color:#f8f649\">T\u00e9l\u00e9charger le bulletin municipal du 21 f\u00e9vrier 2025<\/a><\/div>\n\n\n\n<div class=\"wp-block-button is-style-fill\"><a class=\"wp-block-button__link has-black-color has-text-color has-background\" href=\"http:\/\/lanarvily.bzh\/wp-content\/uploads\/2025\/04\/Bulletin-municipal-du-vendredi-07-mars-2025.pdf\" style=\"border-radius:13px;background-color:#f8f649\">T\u00e9l\u00e9charger le bulletin municipal du 07 mars 2025<\/a><\/div>\n\n\n\n<div class=\"wp-block-button is-style-fill\"><a class=\"wp-block-button__link has-black-color has-text-color has-background\" href=\"http:\/\/lanarvily.bzh\/wp-content\/uploads\/2025\/04\/Bulletin-municipal-du-vendredi-28-mars-2025.pdf\" style=\"border-radius:13px;background-color:#f8f649\">T\u00e9l\u00e9charger le bulletin municipal du 28 mars 2025<\/a><\/div>\n\n\n\n<div class=\"wp-block-button is-style-fill\"><a class=\"wp-block-button__link has-black-color has-text-color has-background\" href=\"http:\/\/lanarvily.bzh\/wp-content\/uploads\/2025\/04\/Bulletin-municipal-du-vendredi-11-avril-2025.pdf\" style=\"border-radius:13px;background-color:#f8f649\">T\u00e9l\u00e9charger le bulletin municipal du 11 avril 2025<\/a><\/div>\n\n\n\n<div class=\"wp-block-button is-style-fill\"><a class=\"wp-block-button__link has-black-color has-text-color has-background\" href=\"http:\/\/lanarvily.bzh\/wp-content\/uploads\/2025\/04\/Bulletin-municipal-du-vendredi-25-avril-2025.pdf\" style=\"border-radius:13px;background-color:#f8f649\">T\u00e9l\u00e9charger le bulletin municipal du 25 avril 2025<\/a><\/div>\n\n\n\n<div class=\"wp-block-button is-style-fill\"><a class=\"wp-block-button__link has-black-color has-text-color has-background\" href=\"http:\/\/lanarvily.bzh\/wp-content\/uploads\/2025\/08\/Bulletin-municipal-du-vendredi-09-mai-2025.pdf\" style=\"border-radius:13px;background-color:#f8f649\">T\u00e9l\u00e9charger le bulletin municipal du 09 mai 2025<\/a><\/div>\n\n\n\n<div class=\"wp-block-button is-style-fill\"><a class=\"wp-block-button__link has-black-color has-text-color has-background\" href=\"http:\/\/lanarvily.bzh\/wp-content\/uploads\/2025\/08\/Bulletin-municipal-du-vendredi-23-mai-2025.pdf\" style=\"border-radius:13px;background-color:#f8f649\">T\u00e9l\u00e9charger le bulletin municipal du 23 mai 2025<\/a><\/div>\n\n\n\n<div class=\"wp-block-button is-style-fill\"><a class=\"wp-block-button__link has-black-color has-text-color has-background\" href=\"http:\/\/lanarvily.bzh\/wp-content\/uploads\/2025\/08\/Bulletin-municipal-du-vendredi-06-juin-2025.pdf\" style=\"border-radius:13px;background-color:#f8f649\">T\u00e9l\u00e9charger le bulletin municipal du 06 juin 2025<\/a><\/div>\n\n\n\n<div class=\"wp-block-button is-style-fill\"><a class=\"wp-block-button__link has-black-color has-text-color has-background\" href=\"http:\/\/lanarvily.bzh\/wp-content\/uploads\/2025\/08\/Bulletin-municipal-du-vendredi-20-juin-2025-2eme.pdf\" style=\"border-radius:13px;background-color:#f8f649\">T\u00e9l\u00e9charger le bulletin municipal du 20 juin 2025<\/a><\/div>\n\n\n\n<div class=\"wp-block-button is-style-fill\"><a class=\"wp-block-button__link has-black-color has-text-color has-background\" href=\"http:\/\/lanarvily.bzh\/wp-content\/uploads\/2025\/08\/Bulletin-municipal-du-vendredi-04-juillet-2025.pdf\" style=\"border-radius:13px;background-color:#f8f649\">T\u00e9l\u00e9charger le bulletin municipal du 04 juillet 2025<\/a><\/div>\n\n\n\n<div class=\"wp-block-button is-style-fill\"><a class=\"wp-block-button__link has-black-color has-text-color has-background\" href=\"http:\/\/lanarvily.bzh\/wp-content\/uploads\/2025\/08\/Bulletin-municipal-du-vendredi-18-juillet-2025.pdf\" style=\"border-radius:13px;background-color:#f8f649\">T\u00e9l\u00e9charger le bulletin municipal du 18 juillet 2025<\/a><\/div>\n\n\n\n<div class=\"wp-block-button is-style-fill\"><a class=\"wp-block-button__link has-black-color has-text-color has-background\" href=\"http:\/\/lanarvily.bzh\/wp-content\/uploads\/2025\/08\/Bulletin-municipal-du-vendredi-1er-aout-2025.pdf\" style=\"border-radius:13px;background-color:#f8f649\">T\u00e9l\u00e9charger le bulletin municipal du 1er ao\u00fbt 2025<\/a><\/div>\n\n\n\n<div class=\"wp-block-button is-style-fill\"><a class=\"wp-block-button__link has-black-color has-text-color has-background\" href=\"http:\/\/lanarvily.bzh\/wp-content\/uploads\/2025\/08\/Bulletin-municipal-du-vendredi-22-aout-2025.pdf\" style=\"border-radius:13px;background-color:#f8f649\">T\u00e9l\u00e9charger le bulletin municipal du 22 ao\u00fbt 2025<\/a><\/div>\n<\/div>\n\n\n\n<p><\/p>\n","protected":false},"excerpt":{"rendered":"","protected":false},"author":1,"featured_media":0,"parent":0,"menu_order":0,"comment_status":"closed","ping_status":"closed","template":"","meta":[],"yoast_head":"<!-- This site is optimized with the Yoast SEO plugin v15.3 - https:\/\/yoast.com\/wordpress\/plugins\/seo\/ -->\n<title>Bulletins municipaux - LANARVILY<\/title>\n<meta name=\"robots\" content=\"index, follow, max-snippet:-1, max-image-preview:large, max-video-preview:-1\" \/>\n<link rel=\"canonical\" href=\"https:\/\/lanarvily.bzh\/?page_id=114\" \/>\n<meta property=\"og:locale\" content=\"fr_FR\" \/>\n<meta property=\"og:type\" content=\"article\" \/>\n<meta property=\"og:title\" content=\"Bulletins municipaux - LANARVILY\" \/>\n<meta property=\"og:url\" content=\"https:\/\/lanarvily.bzh\/?page_id=114\" \/>\n<meta property=\"og:site_name\" content=\"LANARVILY\" \/>\n<meta property=\"article:modified_time\" content=\"2025-08-22T14:13:38+00:00\" \/>\n<meta name=\"twitter:card\" content=\"summary_large_image\" \/>\n<meta name=\"twitter:label1\" content=\"\u00c9crit par\">\n\t<meta name=\"twitter:data1\" content=\"admin4245\">\n\t<meta name=\"twitter:label2\" content=\"Dur\u00e9e de lecture est.\">\n\t<meta name=\"twitter:data2\" content=\"2 minutes\">\n<script type=\"application\/ld+json\" class=\"yoast-schema-graph\">{\"@context\":\"https:\/\/schema.org\",\"@graph\":[{\"@type\":\"WebSite\",\"@id\":\"https:\/\/lanarvily.bzh\/#website\",\"url\":\"https:\/\/lanarvily.bzh\/\",\"name\":\"LANARVILY\",\"description\":\"Service des eaux et des ordures m\\u00e9nag\\u00e8res\",\"potentialAction\":[{\"@type\":\"SearchAction\",\"target\":\"https:\/\/lanarvily.bzh\/?s={search_term_string}\",\"query-input\":\"required name=search_term_string\"}],\"inLanguage\":\"fr-FR\"},{\"@type\":\"WebPage\",\"@id\":\"https:\/\/lanarvily.bzh\/?page_id=114#webpage\",\"url\":\"https:\/\/lanarvily.bzh\/?page_id=114\",\"name\":\"Bulletins municipaux - LANARVILY\",\"isPartOf\":{\"@id\":\"https:\/\/lanarvily.bzh\/#website\"},\"datePublished\":\"2020-11-30T19:17:41+00:00\",\"dateModified\":\"2025-08-22T14:13:38+00:00\",\"inLanguage\":\"fr-FR\",\"potentialAction\":[{\"@type\":\"ReadAction\",\"target\":[\"https:\/\/lanarvily.bzh\/?page_id=114\"]}]}]}<\/script>\n<!-- \/ Yoast SEO plugin. -->","_links":{"self":[{"href":"https:\/\/lanarvily.bzh\/index.php?rest_route=\/wp\/v2\/pages\/114"}],"collection":[{"href":"https:\/\/lanarvily.bzh\/index.php?rest_route=\/wp\/v2\/pages"}],"about":[{"href":"https:\/\/lanarvily.bzh\/index.php?rest_route=\/wp\/v2\/types\/page"}],"author":[{"embeddable":true,"href":"https:\/\/lanarvily.bzh\/index.php?rest_route=\/wp\/v2\/users\/1"}],"replies":[{"embeddable":true,"href":"https:\/\/lanarvily.bzh\/index.php?rest_route=%2Fwp%2Fv2%2Fcomments&post=114"}],"version-history":[{"count":78,"href":"https:\/\/lanarvily.bzh\/index.php?rest_route=\/wp\/v2\/pages\/114\/revisions"}],"predecessor-version":[{"id":822,"href":"https:\/\/lanarvily.bzh\/index.php?rest_route=\/wp\/v2\/pages\/114\/revisions\/822"}],"wp:attachment":[{"href":"https:\/\/lanarvily.bzh\/index.php?rest_route=%2Fwp%2Fv2%2Fmedia&parent=114"}],"curies":[{"name":"wp","href":"https:\/\/api.w.org\/{rel}","templated":true}]}}